{"id":861,"date":"2024-01-11T16:09:05","date_gmt":"2024-01-11T15:09:05","guid":{"rendered":"https:\/\/dkpm.de\/executive-committee\/"},"modified":"2026-03-09T11:52:39","modified_gmt":"2026-03-09T10:52:39","slug":"executive-committee","status":"publish","type":"page","link":"https:\/\/dkpm.de\/en\/executive-committee\/","title":{"rendered":"Executive Committee"},"content":{"rendered":"\n<div class=\"wp-block-cover alignfull is-light is-style-subpage-hero\"><img loading=\"lazy\" decoding=\"async\" width=\"1800\" height=\"1200\" class=\"wp-block-cover__image-background wp-image-1016\" alt=\"Teambesprechung unter \u00c4rzten\" src=\"https:\/\/dkpm.de\/wp-content\/uploads\/2024\/05\/teambesprechung.jpeg\" style=\"object-position:49% 34%\" data-object-fit=\"cover\" data-object-position=\"49% 34%\" srcset=\"https:\/\/dkpm.de\/wp-content\/uploads\/2024\/05\/teambesprechung.jpeg 1800w, https:\/\/dkpm.de\/wp-content\/uploads\/2024\/05\/teambesprechung-300x200.jpeg 300w, https:\/\/dkpm.de\/wp-content\/uploads\/2024\/05\/teambesprechung-1024x683.jpeg 1024w, https:\/\/dkpm.de\/wp-content\/uploads\/2024\/05\/teambesprechung-768x512.jpeg 768w, https:\/\/dkpm.de\/wp-content\/uploads\/2024\/05\/teambesprechung-1536x1024.jpeg 1536w\" sizes=\"auto, (max-width: 1800px) 100vw, 1800px\" \/><span aria-hidden=\"true\" class=\"wp-block-cover__background has-background-dim-20 has-background-dim\"><\/span><div class=\"wp-block-cover__inner-container has-global-padding is-layout-constrained wp-block-cover-is-layout-constrained\">\n<h1 class=\"wp-block-heading has-text-align-center has-xxxxx-large-font-size\">Executive Committee<\/h1>\n<\/div><\/div>\n<nav aria-label=\"breadcrumbs\"><ol><li><a href=\"https:\/\/dkpm.de\/en\/\">Start<\/a><\/li><li><a href=\"https:\/\/dkpm.de\/en\/executive-committee\/\" aria-current=\"location\">Executive Committee<\/a><\/li><\/ol><\/nav>\n\n\n<h2 class=\"wp-block-heading\">The members of the Executive Committee<\/h2>\n\n\n\n<p>The German College of Psychosomatic Medicine aims at bringing together professionals involved in the field of psychosomatic medicine and psychotherapy. The DKPM provides a forum for the exchange of clinical experience and scientific findings.<\/p>\n\n\n\n<div style=\"height:100px\" aria-hidden=\"true\" class=\"wp-block-spacer is-style-medium\"><\/div>\n\n\n\n<div class=\"wp-block-columns is-layout-flex wp-container-core-columns-is-layout-28f84493 wp-block-columns-is-layout-flex\">\n<div class=\"wp-block-column is-layout-flow wp-block-column-is-layout-flow\" style=\"flex-basis:25%\">\n<figure class=\"wp-block-image size-full is-resized\"><img loading=\"lazy\" decoding=\"async\" width=\"250\" height=\"280\" src=\"https:\/\/dkpm.de\/wp-content\/uploads\/2024\/05\/ulrike_dinger-ehrenthal.jpg\" alt=\"Univ. Prof. Dr. rer. nat. Ulrike Dinger-Ehrenthal\" class=\"wp-image-1111\" style=\"width:250px\"\/><\/figure>\n<\/div>\n\n\n\n<div class=\"wp-block-column is-layout-flow wp-block-column-is-layout-flow\" style=\"flex-basis:75%\">\n<h2 class=\"wp-block-heading\">President<\/h2>\n\n\n\n<h3 class=\"wp-block-heading\">Univ. Prof. Dr. Ulrike Dinger-Ehrenthal<\/h3>\n\n\n\n<p>Klinisches Institut f\u00fcr psychosomatische Medizin und Psychotherapie, Universit\u00e4tsklinikum D\u00fcsseldorf<br>und<br>Klinik f\u00fcr Psychosomatische Medizin und Psychotherapie<br>LVR-Klinikum D\u00fcsseldorf, Kliniken der Heinrich-Heine-Universit\u00e4t<br>Bergische Landstra\u00dfe 2<br>40629 D\u00fcsseldorf<\/p>\n\n\n\n<p><strong>Tel: <\/strong><a href=\"tel:+49%20(0)%20211%20922-4700\">+49 (0) 211 922-4700<\/a><br><strong>E-mail: <\/strong><a href=\"mailto:Ulrike.Dinger-Ehrenthal@lvr.de\">ulrike.dinger-ehrenthal@lvr.de<\/a> <br><strong>Internet: <\/strong><a href=\"https:\/\/klinikum-duesseldorf.lvr.de\/de\/nav_main\/fachgebiete\/psychosomatik\/psychosomatik_1.html\" target=\"_blank\" rel=\"noreferrer noopener\">To the website<\/a><\/p>\n<\/div>\n<\/div>\n\n\n\n<div style=\"height:100px\" aria-hidden=\"true\" class=\"wp-block-spacer is-style-x-small\"><\/div>\n\n\n\n<div class=\"wp-block-columns is-layout-flex wp-container-core-columns-is-layout-28f84493 wp-block-columns-is-layout-flex\">\n<div class=\"wp-block-column is-layout-flow wp-block-column-is-layout-flow\" style=\"flex-basis:25%\">\n<figure class=\"wp-block-image size-full is-resized\"><img loading=\"lazy\" decoding=\"async\" width=\"200\" height=\"265\" src=\"https:\/\/dkpm.de\/wp-content\/uploads\/2026\/03\/TESARZ_Jonas_-Foto-Peter-Pulkowski_0019_DSC7107_web-200x265px-002.jpg\" alt=\"\" class=\"wp-image-1784\" style=\"width:250px\"\/><\/figure>\n<\/div>\n\n\n\n<div class=\"wp-block-column is-layout-flow wp-block-column-is-layout-flow\" style=\"flex-basis:75%\">\n<h2 class=\"wp-block-heading\">Vice president \/ President elect<\/h2>\n\n\n\n<h3 class=\"wp-block-heading\">Univ. Prof. Dr. med. Jonas Tesarz<\/h3>\n\n\n\n<p>Universit\u00e4tsmedizin der Johannes Gutenberg-Universit\u00e4t Mainz, Klinik und Poliklinik f\u00fcr Psychosomatische Medizin und Psychotherapie<br>Untere Zahlbacher Stra\u00dfe 8<br>55131 Mainz<\/p>\n\n\n\n<p><strong>Tel: <\/strong><a href=\"tel:+49 (0) 211 922-4700\">+49 (0)<\/a><a href=\"tel:+49 6131 172841\"> 6131 172841<\/a><br><strong>E-Mail: <\/strong><a href=\"mailto:jonas.tesarz@unimedizin-mainz.de\">jonas.tesarz@unimedizin-mainz.de<\/a>&nbsp;<br><strong>Internet: <\/strong><a href=\"https:\/\/www.unimedizin-mainz.de\/psychosomatik\/startseite\/mitarbeiter\/klinikdirektion.html\" target=\"_blank\" rel=\"noreferrer noopener\">Zur Website<\/a><\/p>\n<\/div>\n<\/div>\n\n\n\n<div style=\"height:100px\" aria-hidden=\"true\" class=\"wp-block-spacer is-style-x-small\"><\/div>\n\n\n\n<div class=\"wp-block-columns is-layout-flex wp-container-core-columns-is-layout-28f84493 wp-block-columns-is-layout-flex\">\n<div class=\"wp-block-column is-layout-flow wp-block-column-is-layout-flow\" style=\"flex-basis:25%\">\n<figure class=\"wp-block-image size-full is-resized\"><img loading=\"lazy\" decoding=\"async\" width=\"250\" height=\"280\" src=\"https:\/\/dkpm.de\/wp-content\/uploads\/2024\/05\/imad_maatouk.jpg\" alt=\"Univ. Prof. Dr. med. Imad Maatouk\" class=\"wp-image-1106\" style=\"width:250px\"\/><\/figure>\n<\/div>\n\n\n\n<div class=\"wp-block-column is-layout-flow wp-block-column-is-layout-flow\" style=\"flex-basis:75%\">\n<h2 class=\"wp-block-heading\">Vice president<\/h2>\n\n\n\n<h3 class=\"wp-block-heading\">Univ. Prof. Dr. Imad Maatouk<\/h3>\n\n\n\n<p>Universit\u00e4tsklinikum W\u00fcrzburg, Medizinische Klinik II<br>Schwerpunkt Psychosomatik, Psychotherapie und Psychoonkologie<br>Oberd\u00fcrrbacher Stra\u00dfe 6<br>97080 W\u00fcrzburg<\/p>\n\n\n\n<p><strong>Tel:<\/strong> <a href=\"tel:+49%20(0)%20931%20201%2040060\">+49 (0) 931 201 40060<\/a><br><strong>E-Mail:<\/strong> <a href=\"mailto:Maatouk_I@ukw.de\">maatouk_I@ukw.de<\/a> <br><strong>Internet:<\/strong> <a href=\"https:\/\/www.ukw.de\/medizinische-klinik-ii\/psychosomatische-medizin\/startseite\/\" target=\"_blank\" rel=\"noreferrer noopener\">To the website<\/a><\/p>\n<\/div>\n<\/div>\n\n\n\n<div style=\"height:100px\" aria-hidden=\"true\" class=\"wp-block-spacer is-style-x-small\"><\/div>\n\n\n\n<div class=\"wp-block-columns is-layout-flex wp-container-core-columns-is-layout-28f84493 wp-block-columns-is-layout-flex\">\n<div class=\"wp-block-column is-layout-flow wp-block-column-is-layout-flow\" style=\"flex-basis:25%\">\n<figure class=\"wp-block-image size-full is-resized\"><img loading=\"lazy\" decoding=\"async\" width=\"250\" height=\"280\" src=\"https:\/\/dkpm.de\/wp-content\/uploads\/2024\/05\/katrin_giel.jpg\" alt=\"Univ. Prof. Dr. rer. nat. Katrin Giel\" class=\"wp-image-1108\" style=\"width:250px\"\/><\/figure>\n<\/div>\n\n\n\n<div class=\"wp-block-column is-layout-flow wp-block-column-is-layout-flow\" style=\"flex-basis:75%\">\n<h2 class=\"wp-block-heading\">General secretary<\/h2>\n\n\n\n<h3 class=\"wp-block-heading\">Univ. Prof. Dr. rer. nat. Katrin Giel<\/h3>\n\n\n\n<p>Medizinische Universit\u00e4tsklinik T\u00fcbingen <br>Psychosomatische Medizin und Psychotherapie<br>Osianderstra\u00dfe 5<br>72076 T\u00fcbingen<\/p>\n\n\n\n<p><strong>Tel:<\/strong> <a href=\"tel:+49%20(0)%207071%2029%2086719\">+49 (0) 7071 29 86719<\/a><br><strong>E-Mail:<\/strong> <a href=\"mailto:katrin.giel@med.uni-tuebingen.de\">katrin.giel@med.uni-tuebingen.de<\/a> <br><strong>Internet:<\/strong> <a href=\"https:\/\/www.medizin.uni-tuebingen.de\/de\/das-klinikum\/einrichtungen\/kliniken\/medizinische-klinik\/psychosomatik\" target=\"_blank\" rel=\"noreferrer noopener\">To the website<\/a><\/p>\n<\/div>\n<\/div>\n\n\n\n<div style=\"height:100px\" aria-hidden=\"true\" class=\"wp-block-spacer is-style-x-small\"><\/div>\n\n\n\n<div class=\"wp-block-columns is-layout-flex wp-container-core-columns-is-layout-28f84493 wp-block-columns-is-layout-flex\">\n<div class=\"wp-block-column is-layout-flow wp-block-column-is-layout-flow\" style=\"flex-basis:25%\">\n<figure class=\"wp-block-image size-full is-resized\"><img loading=\"lazy\" decoding=\"async\" width=\"250\" height=\"280\" src=\"https:\/\/dkpm.de\/wp-content\/uploads\/2024\/05\/carsten_spitzer.jpg\" alt=\"Univ. Prof. Dr. med. Carsten Spitzer\" class=\"wp-image-1104\" style=\"width:250px\"\/><\/figure>\n<\/div>\n\n\n\n<div class=\"wp-block-column is-layout-flow wp-block-column-is-layout-flow\" style=\"flex-basis:75%\">\n<h2 class=\"wp-block-heading\">Treasurer<\/h2>\n\n\n\n<h3 class=\"wp-block-heading\">Univ. Prof. Dr. med. Carsten Spitzer<\/h3>\n\n\n\n<p>Klinik und Poliklinik f\u00fcr Psychosomatische<br>Medizin und Psychotherapie<br>Universit\u00e4tsmedizin Rostock<br>Gehlsheimer Stra\u00dfe 20<br>18147 Rostock<\/p>\n\n\n\n<p><strong>Tel:<\/strong> <a href=\"tel:+49%20(0)%20381%204949670\">+49 (0) 381 4949670<\/a><br><strong>E-Mail:<\/strong> <a href=\"mailto:carsten.spitzer@med.uni-rostock.de\">carsten.spitzer@med.uni-rostock.de<\/a> <br><strong>Internet:<\/strong> <a href=\"https:\/\/kpm.med.uni-rostock.de\" target=\"_blank\" rel=\"noreferrer noopener\">To the website<\/a><\/p>\n<\/div>\n<\/div>\n","protected":false},"excerpt":{"rendered":"<p>The members of the Executive Committee The German College of Psychosomatic Medicine aims at bringing together professionals involved in the field of psychosomatic medicine and psychotherapy. The DKPM provides a forum for the exchange of clinical experience and scientific findings. President Univ. Prof. Dr. Ulrike Dinger-Ehrenthal Klinisches Institut f\u00fcr psychosomatische Medizin und Psychotherapie, Universit\u00e4tsklinikum D\u00fcsseldorfundKlinik [&hellip;]<\/p>\n","protected":false},"author":1,"featured_media":0,"parent":0,"menu_order":0,"comment_status":"closed","ping_status":"closed","template":"","meta":{"footnotes":""},"class_list":["post-861","page","type-page","status-publish","hentry"],"_links":{"self":[{"href":"https:\/\/dkpm.de\/en\/wp-json\/wp\/v2\/pages\/861","targetHints":{"allow":["GET"]}}],"collection":[{"href":"https:\/\/dkpm.de\/en\/wp-json\/wp\/v2\/pages"}],"about":[{"href":"https:\/\/dkpm.de\/en\/wp-json\/wp\/v2\/types\/page"}],"author":[{"embeddable":true,"href":"https:\/\/dkpm.de\/en\/wp-json\/wp\/v2\/users\/1"}],"replies":[{"embeddable":true,"href":"https:\/\/dkpm.de\/en\/wp-json\/wp\/v2\/comments?post=861"}],"version-history":[{"count":11,"href":"https:\/\/dkpm.de\/en\/wp-json\/wp\/v2\/pages\/861\/revisions"}],"predecessor-version":[{"id":1788,"href":"https:\/\/dkpm.de\/en\/wp-json\/wp\/v2\/pages\/861\/revisions\/1788"}],"wp:attachment":[{"href":"https:\/\/dkpm.de\/en\/wp-json\/wp\/v2\/media?parent=861"}],"curies":[{"name":"wp","href":"https:\/\/api.w.org\/{rel}","templated":true}]}}